{"id":1249,"date":"2021-03-18T15:41:59","date_gmt":"2021-03-18T14:41:59","guid":{"rendered":"https:\/\/www.leschinski-uebersetzungen.de\/?page_id=1249"},"modified":"2021-03-26T12:31:33","modified_gmt":"2021-03-26T11:31:33","slug":"impressum","status":"publish","type":"page","link":"https:\/\/www.leschinski-uebersetzungen.de\/ru\/impressum\/","title":{"rendered":"Impressum"},"content":{"rendered":"<p><strong>Tatiana Leschinski, erm\u00e4chtigte \u00dcbersetzerin<\/strong><\/p>\n\n\n\n<p>Anschrift:<br>Immigrather Str. 4<br>40591 D\u00fcsseldorf<\/p>\n\n\n\n<p>Telefon: 0211 795 20 888<br>\u041c\u043e\u0431\u0438\u043b\u044c\u043d\u044b\u0439: 0151 10 50 40 89<\/p>\n\n\n\n<p>E-Mail: tatlesch@yahoo.com<\/p>\n\n\n\n<p>Internet: www.leschinski-uebersetzungen.de<\/p>\n\n\n\n<p><strong>Inhaltlich Verantwortlicher nach \u00a7 5 TMG<\/strong><\/p>\n\n\n\n<p>\u0422\u0430\u0442\u044c\u044f\u043d\u0430 \u041b\u0435\u0449\u0438\u043d\u0441\u043a\u0438<\/p>\n\n\n\n<p><strong>HAFTUNG F\u00dcR INHALTE<\/strong><\/p>\n\n\n\n<p>Die Inhalte unserer Seiten wurden mit gr\u00f6\u00dfter Sorgfalt erstellt. F\u00fcr die Richtigkeit, Vollst\u00e4ndigkeit und Aktualit\u00e4t der Inhalte k\u00f6nnen wir jedoch keine Gew\u00e4hr \u00fcbernehmen. Als Dienstanbieter sind wir gem\u00e4\u00df \u00a7 7 Abs.1 TMG f\u00fcr eigene Inhalte auf diesen Seiten nach den allgemeinen Gesetzen verantwortlich. Nach \u00a7\u00a7 8 bis 10 TMG sind wir als Dienstanbieter jedoch nicht verpflichtet, \u00fcbermittelte oder gespeicherte fremde Informationen zu \u00fcberwachen oder nach Umst\u00e4nden zu forschen, die auf eine rechtswidrige T\u00e4tigkeit hinweisen. Verpflichtungen zur Entfernung oder Sperrung der Nutzung von Informationen nach den allgemeinen Gesetzen bleiben hiervon unber\u00fchrt. Eine diesbez\u00fcgliche Haftung ist jedoch erst ab dem Zeitpunkt der Kenntnis einer konkreten Rechtsverletzung m\u00f6glich. Bei Bekanntwerden von entsprechenden Rechtsverletzungen werden wir diese Inhalte umgehend entfernen.<\/p>\n\n\n\n<p><strong>Webdesign<\/strong><br><a href=\"https:\/\/www.gorodetski-design.de\/\">Olga Gorodetski &#8211; Webdesign<\/a><\/p>\n\n\n\n<p>Fotos:<br>Bild von <a href=\"https:\/\/pixabay.com\/de\/users\/loufre-2697555\/?utm_source=link-attribution&amp;utm_medium=referral&amp;utm_campaign=image&amp;utm_content=1756282\">loufre<\/a>, <a href=\"https:\/\/pixabay.com\/de\/users\/startupstockphotos-690514\/?utm_source=link-attribution&amp;utm_medium=referral&amp;utm_campaign=image&amp;utm_content=849825\">StartupStockPhotos<\/a>, <a href=\"https:\/\/pixabay.com\/photos\/?utm_source=link-attribution&amp;utm_medium=referral&amp;utm_campaign=image&amp;utm_content=731199\">Free-Photos<\/a> auf <a href=\"https:\/\/pixabay.com\/de\/?utm_source=link-attribution&amp;utm_medium=referral&amp;utm_campaign=image&amp;utm_content=731199\">Pixabay<\/a><\/p>","protected":false},"excerpt":{"rendered":"<p>Tatiana Leschinski, erm\u00e4chtigte \u00dcbersetzerin Anschrift:Immigrather Str. 440591 D\u00fcsseldorf Telefon: 0211 795 20 888Handy: 0151 10 50 40 89 E-Mail: tatlesch@yahoo.com Internet: www.leschinski-uebersetzungen.de Inhaltlich Verantwortlicher nach \u00a7 5 TMG Tatiana Leschinski &#8230;<\/p>","protected":false},"author":1,"featured_media":0,"parent":0,"menu_order":0,"comment_status":"closed","ping_status":"closed","template":"","meta":{"footnotes":""},"class_list":["post-1249","page","type-page","status-publish","hentry"],"yoast_head":"<!-- This site is optimized with the Yoast SEO plugin v25.6 - https:\/\/yoast.com\/wordpress\/plugins\/seo\/ -->\n<title>Impressum - Tatiana Leschinski - \u00dcbersetzungen<\/title>\n<meta name=\"robots\" content=\"index, follow, max-snippet:-1, max-image-preview:large, max-video-preview:-1\" \/>\n<link rel=\"canonical\" href=\"https:\/\/www.leschinski-uebersetzungen.de\/ru\/impressum\/\" \/>\n<meta property=\"og:locale\" content=\"ru_RU\" \/>\n<meta property=\"og:type\" content=\"article\" \/>\n<meta property=\"og:title\" content=\"Impressum - Tatiana Leschinski - \u00dcbersetzungen\" \/>\n<meta property=\"og:description\" content=\"Tatiana Leschinski, erm\u00e4chtigte \u00dcbersetzerin Anschrift:Immigrather Str. 440591 D\u00fcsseldorf Telefon: 0211 795 20 888Handy: 0151 10 50 40 89 E-Mail: tatlesch@yahoo.com Internet: www.leschinski-uebersetzungen.de Inhaltlich Verantwortlicher nach \u00a7 5 TMG Tatiana Leschinski ...\" \/>\n<meta property=\"og:url\" content=\"https:\/\/www.leschinski-uebersetzungen.de\/ru\/impressum\/\" \/>\n<meta property=\"og:site_name\" content=\"Tatiana Leschinski - \u00dcbersetzungen\" \/>\n<meta property=\"article:modified_time\" content=\"2021-03-26T11:31:33+00:00\" \/>\n<meta name=\"twitter:card\" content=\"summary_large_image\" \/>\n<meta name=\"twitter:label1\" content=\"\u041f\u0440\u0438\u043c\u0435\u0440\u043d\u043e\u0435 \u0432\u0440\u0435\u043c\u044f \u0434\u043b\u044f \u0447\u0442\u0435\u043d\u0438\u044f\" \/>\n\t<meta name=\"twitter:data1\" content=\"1 \u043c\u0438\u043d\u0443\u0442\u0430\" \/>\n<script type=\"application\/ld+json\" class=\"yoast-schema-graph\">{\"@context\":\"https:\/\/schema.org\",\"@graph\":[{\"@type\":\"WebPage\",\"@id\":\"https:\/\/www.leschinski-uebersetzungen.de\/impressum\/\",\"url\":\"https:\/\/www.leschinski-uebersetzungen.de\/impressum\/\",\"name\":\"Impressum - Tatiana Leschinski - \u00dcbersetzungen\",\"isPartOf\":{\"@id\":\"https:\/\/www.leschinski-uebersetzungen.de\/#website\"},\"datePublished\":\"2021-03-18T14:41:59+00:00\",\"dateModified\":\"2021-03-26T11:31:33+00:00\",\"breadcrumb\":{\"@id\":\"https:\/\/www.leschinski-uebersetzungen.de\/impressum\/#breadcrumb\"},\"inLanguage\":\"ru-RU\",\"potentialAction\":[{\"@type\":\"ReadAction\",\"target\":[\"https:\/\/www.leschinski-uebersetzungen.de\/impressum\/\"]}]},{\"@type\":\"BreadcrumbList\",\"@id\":\"https:\/\/www.leschinski-uebersetzungen.de\/impressum\/#breadcrumb\",\"itemListElement\":[{\"@type\":\"ListItem\",\"position\":1,\"name\":\"Startseite\",\"item\":\"https:\/\/www.leschinski-uebersetzungen.de\/\"},{\"@type\":\"ListItem\",\"position\":2,\"name\":\"Impressum\"}]},{\"@type\":\"WebSite\",\"@id\":\"https:\/\/www.leschinski-uebersetzungen.de\/#website\",\"url\":\"https:\/\/www.leschinski-uebersetzungen.de\/\",\"name\":\"Tatiana Leschinski - \u00dcbersetzungen\",\"description\":\"Erm\u00e4chtigte \u00dcbersetzerin - D\u00fcsseldorf\",\"publisher\":{\"@id\":\"https:\/\/www.leschinski-uebersetzungen.de\/#organization\"},\"potentialAction\":[{\"@type\":\"SearchAction\",\"target\":{\"@type\":\"EntryPoint\",\"urlTemplate\":\"https:\/\/www.leschinski-uebersetzungen.de\/?s={search_term_string}\"},\"query-input\":{\"@type\":\"PropertyValueSpecification\",\"valueRequired\":true,\"valueName\":\"search_term_string\"}}],\"inLanguage\":\"ru-RU\"},{\"@type\":\"Organization\",\"@id\":\"https:\/\/www.leschinski-uebersetzungen.de\/#organization\",\"name\":\"Tatiana Leschinski - erm\u00e4chtigte \u00dcbersetzerin\",\"url\":\"https:\/\/www.leschinski-uebersetzungen.de\/\",\"logo\":{\"@type\":\"ImageObject\",\"inLanguage\":\"ru-RU\",\"@id\":\"https:\/\/www.leschinski-uebersetzungen.de\/#\/schema\/logo\/image\/\",\"url\":\"https:\/\/www.leschinski-uebersetzungen.de\/wp-content\/uploads\/2021\/03\/logo-retina.png\",\"contentUrl\":\"https:\/\/www.leschinski-uebersetzungen.de\/wp-content\/uploads\/2021\/03\/logo-retina.png\",\"width\":640,\"height\":110,\"caption\":\"Tatiana Leschinski - erm\u00e4chtigte \u00dcbersetzerin\"},\"image\":{\"@id\":\"https:\/\/www.leschinski-uebersetzungen.de\/#\/schema\/logo\/image\/\"},\"sameAs\":[\"https:\/\/www.linkedin.com\/in\/tatiana-l-020a6014\/\"]}]}<\/script>\n<!-- \/ Yoast SEO plugin. -->","yoast_head_json":{"title":"Impressum - Tatiana Leschinski - \u00dcbersetzungen","robots":{"index":"index","follow":"follow","max-snippet":"max-snippet:-1","max-image-preview":"max-image-preview:large","max-video-preview":"max-video-preview:-1"},"canonical":"https:\/\/www.leschinski-uebersetzungen.de\/ru\/impressum\/","og_locale":"ru_RU","og_type":"article","og_title":"Impressum - Tatiana Leschinski - \u00dcbersetzungen","og_description":"Tatiana Leschinski, erm\u00e4chtigte \u00dcbersetzerin Anschrift:Immigrather Str. 440591 D\u00fcsseldorf Telefon: 0211 795 20 888Handy: 0151 10 50 40 89 E-Mail: tatlesch@yahoo.com Internet: www.leschinski-uebersetzungen.de Inhaltlich Verantwortlicher nach \u00a7 5 TMG Tatiana Leschinski ...","og_url":"https:\/\/www.leschinski-uebersetzungen.de\/ru\/impressum\/","og_site_name":"Tatiana Leschinski - \u00dcbersetzungen","article_modified_time":"2021-03-26T11:31:33+00:00","twitter_card":"summary_large_image","twitter_misc":{"\u041f\u0440\u0438\u043c\u0435\u0440\u043d\u043e\u0435 \u0432\u0440\u0435\u043c\u044f \u0434\u043b\u044f \u0447\u0442\u0435\u043d\u0438\u044f":"1 \u043c\u0438\u043d\u0443\u0442\u0430"},"schema":{"@context":"https:\/\/schema.org","@graph":[{"@type":"WebPage","@id":"https:\/\/www.leschinski-uebersetzungen.de\/impressum\/","url":"https:\/\/www.leschinski-uebersetzungen.de\/impressum\/","name":"Impressum - Tatiana Leschinski - \u00dcbersetzungen","isPartOf":{"@id":"https:\/\/www.leschinski-uebersetzungen.de\/#website"},"datePublished":"2021-03-18T14:41:59+00:00","dateModified":"2021-03-26T11:31:33+00:00","breadcrumb":{"@id":"https:\/\/www.leschinski-uebersetzungen.de\/impressum\/#breadcrumb"},"inLanguage":"ru-RU","potentialAction":[{"@type":"ReadAction","target":["https:\/\/www.leschinski-uebersetzungen.de\/impressum\/"]}]},{"@type":"BreadcrumbList","@id":"https:\/\/www.leschinski-uebersetzungen.de\/impressum\/#breadcrumb","itemListElement":[{"@type":"ListItem","position":1,"name":"Startseite","item":"https:\/\/www.leschinski-uebersetzungen.de\/"},{"@type":"ListItem","position":2,"name":"Impressum"}]},{"@type":"WebSite","@id":"https:\/\/www.leschinski-uebersetzungen.de\/#website","url":"https:\/\/www.leschinski-uebersetzungen.de\/","name":"Tatiana Leschinski - \u00dcbersetzungen","description":"Erm\u00e4chtigte \u00dcbersetzerin - D\u00fcsseldorf","publisher":{"@id":"https:\/\/www.leschinski-uebersetzungen.de\/#organization"},"potentialAction":[{"@type":"SearchAction","target":{"@type":"EntryPoint","urlTemplate":"https:\/\/www.leschinski-uebersetzungen.de\/?s={search_term_string}"},"query-input":{"@type":"PropertyValueSpecification","valueRequired":true,"valueName":"search_term_string"}}],"inLanguage":"ru-RU"},{"@type":"Organization","@id":"https:\/\/www.leschinski-uebersetzungen.de\/#organization","name":"Tatiana Leschinski - erm\u00e4chtigte \u00dcbersetzerin","url":"https:\/\/www.leschinski-uebersetzungen.de\/","logo":{"@type":"ImageObject","inLanguage":"ru-RU","@id":"https:\/\/www.leschinski-uebersetzungen.de\/#\/schema\/logo\/image\/","url":"https:\/\/www.leschinski-uebersetzungen.de\/wp-content\/uploads\/2021\/03\/logo-retina.png","contentUrl":"https:\/\/www.leschinski-uebersetzungen.de\/wp-content\/uploads\/2021\/03\/logo-retina.png","width":640,"height":110,"caption":"Tatiana Leschinski - erm\u00e4chtigte \u00dcbersetzerin"},"image":{"@id":"https:\/\/www.leschinski-uebersetzungen.de\/#\/schema\/logo\/image\/"},"sameAs":["https:\/\/www.linkedin.com\/in\/tatiana-l-020a6014\/"]}]}},"_links":{"self":[{"href":"https:\/\/www.leschinski-uebersetzungen.de\/ru\/wp-json\/wp\/v2\/pages\/1249","targetHints":{"allow":["GET"]}}],"collection":[{"href":"https:\/\/www.leschinski-uebersetzungen.de\/ru\/wp-json\/wp\/v2\/pages"}],"about":[{"href":"https:\/\/www.leschinski-uebersetzungen.de\/ru\/wp-json\/wp\/v2\/types\/page"}],"author":[{"embeddable":true,"href":"https:\/\/www.leschinski-uebersetzungen.de\/ru\/wp-json\/wp\/v2\/users\/1"}],"replies":[{"embeddable":true,"href":"https:\/\/www.leschinski-uebersetzungen.de\/ru\/wp-json\/wp\/v2\/comments?post=1249"}],"version-history":[{"count":0,"href":"https:\/\/www.leschinski-uebersetzungen.de\/ru\/wp-json\/wp\/v2\/pages\/1249\/revisions"}],"wp:attachment":[{"href":"https:\/\/www.leschinski-uebersetzungen.de\/ru\/wp-json\/wp\/v2\/media?parent=1249"}],"curies":[{"name":"wp","href":"https:\/\/api.w.org\/{rel}","templated":true}]}}