{"id":3,"date":"2021-02-19T13:25:30","date_gmt":"2021-02-19T12:25:30","guid":{"rendered":"https:\/\/www.leschinski-uebersetzungen.de\/?page_id=3"},"modified":"2021-03-18T16:12:02","modified_gmt":"2021-03-18T15:12:02","slug":"datenschutzerklaerung","status":"publish","type":"page","link":"https:\/\/www.leschinski-uebersetzungen.de\/ru\/datenschutzerklaerung\/","title":{"rendered":"Datenschutzerkl\u00e4rung"},"content":{"rendered":"<p>Mit dieser Datenschutzerkl\u00e4rung m\u00f6chten wir Sie \u00fcber Art, Umfang und Zweck der Verarbeitung von personenbezogenen Daten auf unserer Webseite aufkl\u00e4ren. Personenbezogene Daten sind alle Daten, die einen pers\u00f6nlichen Bezug zu Ihnen aufweisen, z. B. Name, Adresse, E-Mail-Adresse oder Nutzerverhalten.<\/p>\n\n\n\n<h2 class=\"wp-block-heading\">Verantwortlich f\u00fcr die Datenverarbeitung ist:<\/h2>\n\n\n\n<p>Tatjana Leschinski<br>Immigrather Str. 4<br>40591 D\u00fcsseldorf<\/p>\n\n\n\n<h2 class=\"wp-block-heading\">Webhosting<\/h2>\n\n\n\n<p>Wir bedienen uns zum Vorhalten unserer Onlinepr\u00e4senz eines Internet-Service-Providers, auf dessen Server die Webseite gespeichert wird (Hosting) und der unsere Seite im Internet verf\u00fcgbar macht. Hierbei verarbeitet der Internet-Service-Providers in unserem Auftrag Kontaktdaten, Inhaltsdaten, Vertragsdaten, Nutzungsdaten, Bestandsdaten sowie Meta- und Kommunikationsdaten. Rechtsgrundlage: Rechtsgrundlage f\u00fcr die vorbeschriebene Verarbeitung ist unser berechtigtes Interesse an einer effizienten und sicheren Zurverf\u00fcgungstellung unseres Onlineangebotes, Art. 6 Abs. 1 lit. f DSGVO i. V. m. Art. 28 DSGVO (Auftragsverarbeitungsvertrag).<\/p>\n\n\n\n<p>Sofern Sie unsere Webseite lediglich informatorisch nutzen, werden von unserem Internet-Service-Provider nur diejenigen personenbezogenen Daten erhoben, die der von Ihnen verwendete Browser an dessen Server \u00fcbermittelt. Das sind folgende Daten:<\/p>\n\n\n\n<ul class=\"wp-block-list\"><li>IP-Adresse<\/li><li>das Datum und die Uhrzeit des Zugriffs auf unsere Internetseite<\/li><li>Zeitzonendifferenz zur Greenwich Mean Time (GMT)<\/li><li>Zugriffsstatus (HTTP-Status)<\/li><li>die \u00fcbertragene Datenmenge<\/li><li>der Internet-Service-Provider des zugreifenden Systems<\/li><li>der von Ihnen verwendete Browsertyp und dessen Version<\/li><li>das von Ihnen verwendete Betriebssystem<\/li><li>die Internetseite, von welcher Sie gegebenenfalls auf unsere Internetseite gelangt sind<\/li><li>die Seiten bzw. Unterseiten, welche Sie auf unserer Internetseite besuchen.<\/li><\/ul>\n\n\n\n<p>Die vorgenannten Daten werden als Logfiles auf den Servern unseres Internet-Service-Providers gespeichert. Dies ist erforderlich, um die Webseite auf dem von Ihnen genutzten Endger\u00e4t darstellen zu k\u00f6nnen, sowie die Stabilit\u00e4t und Sicherheit zu gew\u00e4hrleisten. In den vorstehenden Zwecken liegt unser berechtigtes Interesse an der Datenverarbeitung. Rechtsgrundlage: Rechtsgrundlage hierf\u00fcr ist Art. 6 Abs. 1 S. 1 lit. f DSGVO. Dauer: Die vorstehenden Daten zur Bereitstellung unserer Webseite werden f\u00fcr die Dauer von 7 Tagen gespeichert und dann gel\u00f6scht. Verhinderung: Da die Verarbeitung der vorstehenden Daten f\u00fcr die Bereitstellung unseres Internetauftritts zwingend erforderlich ist, besteht kein Widerspruchsrecht.<\/p>\n\n\n\n<h2 class=\"wp-block-heading\">Cookies<\/h2>\n\n\n\n<p>Unsere Internetseite nutzt Cookies. Bei Cookies handelt es sich um kleine Textdateien, bestehend aus einer Reihe von Zahlen und Buchstaben, die auf dem von Ihnen genutzten Endger\u00e4t abgelegt und gespeichert werden. Cookies \u00fcbertragen weder Viren noch k\u00f6nnen sie Programme ausf\u00fchren. Vielmehr dienen sie vorrangig dazu, Informationen zwischen dem von Ihnen genutzten Endger\u00e4t und unserer Webseite auszutauschen, um unser Internetangebot f\u00fcr Sie nutzerfreundlicher und effektiver zu machen. Dabei ist zu unterscheiden zwischen tempor\u00e4ren (transienten) Cookies uns persistenten Cookies. Zu den transienten Cookies z\u00e4hlen insbesondere die Session-Cookies. Diese speichern eine sogenannte Session-ID, mit welcher sich verschiedene Anfragen Ihres Browsers der gemeinsamen Sitzung zuordnen lassen. Dadurch erkennt unsere Webseite Ihren Rechner wieder, wenn Sie auf unsere Webseite zur\u00fcckkehren. Die Session-Cookies werden gel\u00f6scht, wenn Sie sich ausloggen oder Ihren Browser schlie\u00dfen. Persistente Cookies werden automatisiert nach einer vorgegebenen Dauer gel\u00f6scht, die sich je nach Cookie unterscheiden kann. Sie haben die M\u00f6glichkeit, diese Cookies in den Sicherheitseinstellungen Ihres Browsers jederzeit zu l\u00f6schen.<\/p>\n\n\n\n<p>Die Cookies dienen dazu, unsere Website nutzerfreundlicher zu gestalten. Einige Elemente unserer Internetseite erfordern es, dass der aufrufende Browser auch nach einem Seitenwechsel identifiziert werden kann. In diesen Cookies k\u00f6nnen insbesondere Informationen zu Spracheinstellungen oder Log-In-Informationen gespeichert sein.<\/p>\n\n\n\n<p>In den vorstehenden Zwecken liegt unser berechtigtes Interesse an der Datenverarbeitung. Rechtsgrundlage hierf\u00fcr ist Art. 6 Abs. 1 S. 1 lit. f DSGVO.<\/p>\n\n\n\n<p>Da die Cookies auf Ihrem Computer gespeichert werden, haben Sie als Nutzer auch die volle Kontrolle \u00fcber die Verwendung von Cookies. Sie haben die M\u00f6glichkeit, \u00fcber die Sicherheitseinstellungen Ihres Browsers festzulegen, ob Cookies \u00fcberhaupt gespeichert werden. Sie k\u00f6nnen etwa von vornherein keine oder nur auf Nachfrage Cookies akzeptieren oder aber festlegen, dass Cookies nach jedem Schlie\u00dfen Ihres Browsers gel\u00f6scht werden. Werden Cookies f\u00fcr unsere Website deaktiviert, k\u00f6nnen m\u00f6glicherweise nicht mehr alle Funktionen der Website vollumf\u00e4nglich genutzt werden.<\/p>\n\n\n\n<h2 class=\"wp-block-heading\">Cookies Einstellungen \u00e4ndern<\/h2>\n\n\n\n<h3 class=\"wp-block-heading\">Speicherdauer\/L\u00f6schung<\/h3>\n\n\n\n<p>Wir l\u00f6schen oder sperren Ihre personenbezogenen Daten, sobald der Zweck der Speicherung erreicht ist oder entf\u00e4llt. Eine dar\u00fcberhinausgehende Speicherung erfolgt nur, wenn uns dies durch nationale oder europ\u00e4ische Vorschriften aufgegeben wird. Eine Sperrung oder L\u00f6schung der Daten erfolgt in diesem Fall dann, wenn die in den jeweiligen Vorschriften vorgeschriebene Speicherfrist abgelaufen ist, es sei denn wir ben\u00f6tigen Ihre Daten zur Erf\u00fcllung eines zwischen uns geschlossenen Vertrages oder wenn dies zur Geltendmachung, Aus\u00fcbung oder Verteidigung von Rechtsanspr\u00fcchen erforderlich ist.<\/p>\n\n\n\n<h3 class=\"wp-block-heading\">Kontaktaufnahme \u00fcber Kontaktformular, E-Mail, soziale Medien oder Telefon<\/h3>\n\n\n\n<p>Soweit Sie das auf unserer Internetpr\u00e4senz angebotene Kontaktformular nutzen oder uns per E-Mail. Telefon, oder sozialer Medien ansprechen und uns hier\u00fcber personenbezogene Daten zur Verf\u00fcgung stellen, werden diese Daten zur Verarbeitung Ihrer Anfrage in unserem Hause automatisch gespeichert und weiterverarbeitet. Diese Daten werden nur zur Korrespondenz mit Ihnen verarbeitet. Die Daten\u00fcbermittlung \u00fcber unser Kontaktformular erfolgt \u00fcber eine verschl\u00fcsselte SSL-Verbindung. Eine Weitergabe Ihrer Daten an Dritte erfolgt nicht. Zweck: Ihren Namen ben\u00f6tigen wir, um Sie in unserer Antwort ansprechen zu k\u00f6nnen. Ihre E-Mail-Adresse ben\u00f6tigen wir, um Ihre Anfrage beantworten zu k\u00f6nnen. Ihre Telefonnummer ben\u00f6tigen wir, um Ihrer R\u00fcckrufbitte nachkommen zu k\u00f6nnen. Rechtsgrundlage: Die Rechtsgrundlage f\u00fcr die vorbeschriebene Nutzung Ihrer Daten ist Art. 6 Abs.1 lit. a DSGVO. L\u00f6schung: Die von uns erhobenen personenbezogenen Daten werden gel\u00f6scht, sofern sie nicht mehr erforderlich sind. Wir \u00fcberpr\u00fcfen die Erforderlichkeit alle 2 Jahre. Au\u00dferdem k\u00f6nnen Sie die Datenverarbeitung jederzeit widerrufen.<\/p>\n\n\n\n<h2 class=\"wp-block-heading\">Ihre Rechte als Nutzer unserer Onlinepr\u00e4senz nach der DSGVO<\/h2>\n\n\n\n<p>Nach der DSGVO stehen Ihnen die nachfolgend aufgef\u00fchrten Rechte zu, die Sie jederzeit bei dem in Ziffer 1. dieser Datenschutzerkl\u00e4rung genannten Verantwortlichen geltend machen k\u00f6nnen:<\/p>\n\n\n\n<p><strong>Recht auf Auskunft:<\/strong> Sie k\u00f6nnen nach Art. 15 DSGVO eine Best\u00e4tigung dar\u00fcber verlangen, ob und welche personenbezogenen Daten wir von Ihnen verarbeiten. Dar\u00fcber hinaus k\u00f6nnen Sie von uns unentgeltlich Auskunft \u00fcber die Verarbeitungszwecke, die Kategorie der personenbezogenen Daten, die Kategorien von Empf\u00e4ngern, gegen\u00fcber denen Ihre Daten offengelegt wurden oder werden, die geplante Speicherdauer, das Bestehen eines Rechts auf Berichtigung, L\u00f6schung, Einschr\u00e4nkung der Verarbeitung oder Widerspruch, das Bestehen eines Beschwerderechts sowie die Herkunft ihrer Daten, sofern diese nicht bei uns erhoben wurden, verlangen. Ferner steht Ihnen ein Auskunftsrecht dar\u00fcber zu, ob Ihre personenbezogenen Daten an ein Drittland oder an eine internationale Organisation \u00fcbermittelt wurden. Sofern dies der Fall ist, steht Ihnen das Recht zu, Auskunft \u00fcber die geeigneten Garantien im Zusammenhang mit der \u00dcbermittlung zu erhalten.<\/p>\n\n\n\n<p><strong>Recht auf Berichtigung:<\/strong> Gem\u00e4\u00df Art. 16 DSGVO k\u00f6nnen Sie die Berichtigung unrichtiger oder Vervollst\u00e4ndigung unvollst\u00e4ndiger der bei uns gespeicherten und Sie betreffenden personenbezogenen Daten verlangen.<\/p>\n\n\n\n<p><strong>Recht auf L\u00f6schung:<\/strong> Gem\u00e4\u00df Art. 17 DSGVO steht Ihnen das Recht zu, die L\u00f6schung Ihrer bei uns gespeicherten personenbezogenen Daten zu verlangen, soweit wir deren Verarbeitung nicht zu folgenden Zwecken ben\u00f6tigen:<\/p>\n\n\n\n<ul class=\"wp-block-list\"><li>zur Erf\u00fcllung einer rechtlichen Verpflichtung,<\/li><li>zur Geltendmachung, Aus\u00fcbung oder Verteidigung von Rechtsanspr\u00fcchen,<\/li><li>zur Aus\u00fcbung des Rechts auf freie Meinungs\u00e4u\u00dferung und Information oder<\/li><li>aus Gr\u00fcnden der in Art. 17 Abs. 3 lit c und d DSGVO genannten F\u00e4lle des \u00f6ffentlichen Interesses.<\/li><\/ul>\n\n\n\n<p><strong>Recht auf Einschr\u00e4nkung: <\/strong>Gem\u00e4\u00df Art. 18 DSGVO haben Sie das Recht, die Einschr\u00e4nkung der Verarbeitung Ihrer personenbezogenen Daten zu verlangen, wenn<\/p>\n\n\n\n<ul class=\"wp-block-list\"><li>die Richtigkeit der Daten von Ihnen bestritten wird, und zwar f\u00fcr eine Dauer, die es uns erm\u00f6glicht, die Richtigkeit der personenbezogenen Daten zu \u00fcberpr\u00fcfen,<\/li><li>die Verarbeitung Ihrer Daten unrechtm\u00e4\u00dfig ist, Sie aber deren L\u00f6schung ablehnen und stattdessen die Einschr\u00e4nkung der Nutzung der Daten verlangen,<\/li><li>wir die personenbezogenen Daten f\u00fcr die Zwecke der Verarbeitung nicht l\u00e4nger ben\u00f6tigen, Sie die Daten jedoch zur Geltendmachung, Aus\u00fcbung oder Verteidigung von Rechtsanspr\u00fcchen ben\u00f6tigen<\/li><li>Sie gem\u00e4\u00df Art. 21 DSGVO Widerspruch gegen die Verarbeitung Ihrer Daten eingelegt haben, es aber noch nicht feststeht, ob die berechtigten Gr\u00fcnde, die uns trotz Ihres Widerspruches zu einer weiteren Verarbeitung berechtigten, Ihre Rechte \u00fcberwiegen.<\/li><li>Recht auf Unterrichtung: Sofern Sie das Recht auf Berichtigung, L\u00f6schung oder Einschr\u00e4nkung der Verarbeitung gegen\u00fcber uns geltend gemacht haben, sind wir verpflichtet, allen Empf\u00e4ngern, denen gegen\u00fcber die Sie betreffenden personenbezogene Daten offengelegt wurden, die von Ihnen verlangte Berichtigung oder L\u00f6schung der Daten oder deren Einschr\u00e4nkung der Verarbeitung mitzuteilen, es sei denn, dies erweist sich als unm\u00f6glich oder ist mit einem unverh\u00e4ltnism\u00e4\u00dfigen Aufwand verbunden. Ihnen steht das Recht zu, von uns \u00fcber diese Empf\u00e4nger unterrichtet zu werden.<\/li><\/ul>\n\n\n\n<p><strong>Recht auf Daten\u00fcbertragbarkeit: <\/strong>Gem\u00e4\u00df Art. 20 DSGVO k\u00f6nnen Sie verlangen, dass wir die Sie betreffenden personenbezogenen Daten, die Sie uns bereitgestellt haben, in einem strukturierten, g\u00e4ngigen und maschinenlesebaren Format zu erhalten oder die \u00dcbermittlung an einen anderen Verantwortlichen zu verlangen.<\/p>\n\n\n\n<p><strong>Beschwerderecht:<\/strong> Nach Art. 77 DSGVO haben Sie das Recht, sich bei einer Aufsichtsbeh\u00f6rde zu beschweren. Hierf\u00fcr k\u00f6nnen Sie sich an die Aufsichtsbeh\u00f6rde Ihres \u00fcblichen Aufenthaltsortes, Ihres Arbeitsplatzes oder unseres Firmensitzes wenden.<\/p>\n\n\n\n<h2 class=\"wp-block-heading\">Widerrufsrecht<\/h2>\n\n\n\n<p>Gem\u00e4\u00df Art. 7 Abs. 3 DSGVO steht Ihnen das Recht zu, Ihre erteilte Einwilligung in die Verarbeitung Ihrer Daten jederzeit uns gegen\u00fcber zu widerrufen. Der von Ihnen erkl\u00e4rte Widerruf \u00e4ndert nichts an der Rechtm\u00e4\u00dfigkeit der bis zum Widerruf erfolgten Verarbeitung Ihrer personenbezogenen Daten.<\/p>\n\n\n\n<h2 class=\"wp-block-heading\">Widerspruchsrecht<\/h2>\n\n\n\n<p>Sie haben das Recht, aus Gr\u00fcnden, die sich aus Ihrer besonderen Situation ergeben, jederzeit gegen die Verarbeitung der Sie betreffenden personenbezogenen Daten, die aufgrund einer Interessenabw\u00e4gung (Art. 6 Abs. 1 lit. f DSGVO) erfolgt, Widerspruch einzulegen. Dies ist insbesondere dann der Fall, wenn die Datenverarbeitung nicht zur Erf\u00fcllung eines Vertrages erforderlich ist. Sofern Sie von Ihrem Widerspruchsrecht Gebrauch machen, bitten wir Sie um die Darlegung der Gr\u00fcnde. Wir werden Ihre personenbezogenen Daten dann nicht mehr verarbeiten, es sei denn, wir k\u00f6nnen Ihnen gegen\u00fcber nachweisen, dass zwingende schutzw\u00fcrdige Gr\u00fcnde an der Datenverarbeitung Ihre Interessen und Rechte \u00fcberwiegen.<\/p>\n\n\n\n<p>Unabh\u00e4ngig vom vorstehend Gesagten, haben Sie das jederzeitige Recht, der Verarbeitung Ihrer personenbezogenen Daten f\u00fcr Zwecke der Werbung und Datenanalyse zu widersprechen.<\/p>\n\n\n\n<p>Ihren Widerspruch richten Sie bitte an die oben angegebene Kontaktadresse des Verantwortlichen.<\/p>\n\n\n\n<h2 class=\"wp-block-heading\">Social Media Plugins<\/h2>\n\n\n\n<p>Unser Internetauftritt verwendet Social Media Plugins der unten aufgef\u00fchrten Anbieter. Welches Plugin zu welchem Anbieter geh\u00f6rt, k\u00f6nnen Sie an dem jeweiligen Logo erkennen, mit welchem das Plugin gekennzeichnet ist.<\/p>\n\n\n\n<p>Wir haben die Social Media Plugins auf unserem Internetauftritt standardm\u00e4\u00dfig deaktiviert, sodass beim Aufruf unserer Seiten nicht automatisch Daten an den Anbieter des Plugins \u00fcbertragen werden. Hierzu verwenden wir die sogenannte 2-Klick-L\u00f6sung. Wenn Sie ein Plugin nutzen m\u00f6chten, haben Sie die M\u00f6glichkeit dieses durch einen Klick auf die entsprechende Schaltfl\u00e4che zu aktivieren. Erst hierdurch wird das Plugin nachgeladen und die Erfassung von Informationen und deren \u00dcbertragung an den Anbieter ausgel\u00f6st. Auch wenn Sie bei dem jeweiligen sozialen Netzwerk kein Konto besitzen und dort nicht eingeloggt sind, k\u00f6nnen die Daten durch das aktive Social Media Plugin an den dazugeh\u00f6rigen Anbieter gesendet werden.<\/p>\n\n\n\n<p>Die erhobenen Daten k\u00f6nnen von dem Anbieter gespeichert und ausgewertet werden umso zum Zwecke von Werbung und Marktforschung Nutzungsprofile von Ihnen zu erstellen. Gegen die Erstellung von Nutzerprofilen steht Ihnen ein Widerrufsrecht zu. Um dieses auszu\u00fcben, m\u00fcssen Sie sich an den Anbieter des Plugins wenden.<\/p>\n\n\n\n<p>Zu welchem Zweck und in welchem Umfang Daten von dem Anbieter erhoben werden, k\u00f6nnen Sie den jeweiligen, im Folgenden mitgeteilten, Datenschutzerkl\u00e4rungen der Anbieter entnehmen.<\/p>\n\n\n\n<p>Wir selbst erfassen keine personenbezogenen Daten mittels der Social Plugins oder \u00fcber deren Nutzung. Wir haben keinen Einfluss darauf, welche Daten ein aktiviertes Plugin erfasst und wie diese Daten durch den Anbieter verwendet werden.<\/p>\n\n\n\n<p>Auf unserem Internetauftritt nutzen wir Social-Plugins folgender Unternehmen:<\/p>\n\n\n\n<p>LinkedIn<br>LinkedIn mit Sitz in Sunnyvale, Kalifornien, USA ist ein webbasiertes soziales Netzwerk zur Pflege bestehender Gesch\u00e4ftskontakte und zum Kn\u00fcpfen von neuen gesch\u00e4ftlichen Verbindungen.<\/p>\n\n\n\n<p>XING<br>XING ist ein soziales Netzwerk, in dem die Mitglieder vorrangig ihre beruflichen Kontakte verwalten. Betrieben wird XING von New Work SE in Hamburg. XING bietet vor allem eine Plattform f\u00fcr Gesch\u00e4ftsnetzwerke \u00fcberwiegend im deutschsprachigen Raum.<\/p>\n\n\n\n<h2 class=\"wp-block-heading\">Sicherheitsma\u00dfnahmen<\/h2>\n\n\n\n<p>Wir treffen im \u00dcbrigen technische und organisatorische Sicherheitsma\u00dfnahmen nach dem Stand der Technik, um die Vorschriften der Datenschutzgesetze einzuhalten und Ihre Daten gegen zuf\u00e4llige oder vors\u00e4tzliche Manipulationen, teilweisen oder vollst\u00e4ndigen Verlust, Zerst\u00f6rung oder gegen den unbefugten Zugriff Dritter zu sch\u00fctzen.<\/p>\n\n\n\n<h2 class=\"wp-block-heading\">Aktualit\u00e4t und \u00c4nderung dieser Datenschutzerkl\u00e4rung<\/h2>\n\n\n\n<p>Diese Datenschutzerkl\u00e4rung ist aktuell g\u00fcltig und hat den Stand Februar 2021. Aufgrund ge\u00e4nderter gesetzlicher bzw. beh\u00f6rdlicher Vorgaben kann es notwendig werden, diese Datenschutzerkl\u00e4rung anzupassen.<\/p>\n\n\n\n<p>Diese Datenschutzerkl\u00e4rung wurde mit Hilfe des Datenschutzerkl\u00e4rungs-Generator von SOS Datenschutz erstellt. SOS Datenschutz ist ein Angebot der MMR M\u00fcller M\u00fcller R\u00f6\u00dfner Rechtsanw\u00e4lte Partnerschaft mit Sitz in Berlin.<\/p>","protected":false},"excerpt":{"rendered":"<p>Mit dieser Datenschutzerkl\u00e4rung m\u00f6chten wir Sie \u00fcber Art, Umfang und Zweck der Verarbeitung von personenbezogenen Daten auf unserer Webseite aufkl\u00e4ren. Personenbezogene Daten sind alle Daten, die einen pers\u00f6nlichen Bezug zu &#8230;<\/p>","protected":false},"author":1,"featured_media":0,"parent":0,"menu_order":0,"comment_status":"closed","ping_status":"open","template":"","meta":{"footnotes":""},"class_list":["post-3","page","type-page","status-publish","hentry"],"yoast_head":"<!-- This site is optimized with the Yoast SEO plugin v25.6 - https:\/\/yoast.com\/wordpress\/plugins\/seo\/ -->\n<title>Datenschutzerkl\u00e4rung - Tatiana Leschinski - \u00dcbersetzungen<\/title>\n<meta name=\"robots\" content=\"index, follow, max-snippet:-1, max-image-preview:large, max-video-preview:-1\" \/>\n<link rel=\"canonical\" href=\"https:\/\/www.leschinski-uebersetzungen.de\/ru\/datenschutzerklaerung\/\" \/>\n<meta property=\"og:locale\" content=\"ru_RU\" \/>\n<meta property=\"og:type\" content=\"article\" \/>\n<meta property=\"og:title\" content=\"Datenschutzerkl\u00e4rung - Tatiana Leschinski - \u00dcbersetzungen\" \/>\n<meta property=\"og:description\" content=\"Mit dieser Datenschutzerkl\u00e4rung m\u00f6chten wir Sie \u00fcber Art, Umfang und Zweck der Verarbeitung von personenbezogenen Daten auf unserer Webseite aufkl\u00e4ren. Personenbezogene Daten sind alle Daten, die einen pers\u00f6nlichen Bezug zu ...\" \/>\n<meta property=\"og:url\" content=\"https:\/\/www.leschinski-uebersetzungen.de\/ru\/datenschutzerklaerung\/\" \/>\n<meta property=\"og:site_name\" content=\"Tatiana Leschinski - \u00dcbersetzungen\" \/>\n<meta property=\"article:modified_time\" content=\"2021-03-18T15:12:02+00:00\" \/>\n<meta name=\"twitter:card\" content=\"summary_large_image\" \/>\n<meta name=\"twitter:label1\" content=\"\u041f\u0440\u0438\u043c\u0435\u0440\u043d\u043e\u0435 \u0432\u0440\u0435\u043c\u044f \u0434\u043b\u044f \u0447\u0442\u0435\u043d\u0438\u044f\" \/>\n\t<meta name=\"twitter:data1\" content=\"10 \u043c\u0438\u043d\u0443\u0442\" \/>\n<script type=\"application\/ld+json\" class=\"yoast-schema-graph\">{\"@context\":\"https:\/\/schema.org\",\"@graph\":[{\"@type\":\"WebPage\",\"@id\":\"https:\/\/www.leschinski-uebersetzungen.de\/datenschutzerklaerung\/\",\"url\":\"https:\/\/www.leschinski-uebersetzungen.de\/datenschutzerklaerung\/\",\"name\":\"Datenschutzerkl\u00e4rung - Tatiana Leschinski - \u00dcbersetzungen\",\"isPartOf\":{\"@id\":\"https:\/\/www.leschinski-uebersetzungen.de\/#website\"},\"datePublished\":\"2021-02-19T12:25:30+00:00\",\"dateModified\":\"2021-03-18T15:12:02+00:00\",\"breadcrumb\":{\"@id\":\"https:\/\/www.leschinski-uebersetzungen.de\/datenschutzerklaerung\/#breadcrumb\"},\"inLanguage\":\"ru-RU\",\"potentialAction\":[{\"@type\":\"ReadAction\",\"target\":[\"https:\/\/www.leschinski-uebersetzungen.de\/datenschutzerklaerung\/\"]}]},{\"@type\":\"BreadcrumbList\",\"@id\":\"https:\/\/www.leschinski-uebersetzungen.de\/datenschutzerklaerung\/#breadcrumb\",\"itemListElement\":[{\"@type\":\"ListItem\",\"position\":1,\"name\":\"Startseite\",\"item\":\"https:\/\/www.leschinski-uebersetzungen.de\/\"},{\"@type\":\"ListItem\",\"position\":2,\"name\":\"Datenschutzerkl\u00e4rung\"}]},{\"@type\":\"WebSite\",\"@id\":\"https:\/\/www.leschinski-uebersetzungen.de\/#website\",\"url\":\"https:\/\/www.leschinski-uebersetzungen.de\/\",\"name\":\"Tatiana Leschinski - \u00dcbersetzungen\",\"description\":\"Erm\u00e4chtigte \u00dcbersetzerin - D\u00fcsseldorf\",\"publisher\":{\"@id\":\"https:\/\/www.leschinski-uebersetzungen.de\/#organization\"},\"potentialAction\":[{\"@type\":\"SearchAction\",\"target\":{\"@type\":\"EntryPoint\",\"urlTemplate\":\"https:\/\/www.leschinski-uebersetzungen.de\/?s={search_term_string}\"},\"query-input\":{\"@type\":\"PropertyValueSpecification\",\"valueRequired\":true,\"valueName\":\"search_term_string\"}}],\"inLanguage\":\"ru-RU\"},{\"@type\":\"Organization\",\"@id\":\"https:\/\/www.leschinski-uebersetzungen.de\/#organization\",\"name\":\"Tatiana Leschinski - erm\u00e4chtigte \u00dcbersetzerin\",\"url\":\"https:\/\/www.leschinski-uebersetzungen.de\/\",\"logo\":{\"@type\":\"ImageObject\",\"inLanguage\":\"ru-RU\",\"@id\":\"https:\/\/www.leschinski-uebersetzungen.de\/#\/schema\/logo\/image\/\",\"url\":\"https:\/\/www.leschinski-uebersetzungen.de\/wp-content\/uploads\/2021\/03\/logo-retina.png\",\"contentUrl\":\"https:\/\/www.leschinski-uebersetzungen.de\/wp-content\/uploads\/2021\/03\/logo-retina.png\",\"width\":640,\"height\":110,\"caption\":\"Tatiana Leschinski - erm\u00e4chtigte \u00dcbersetzerin\"},\"image\":{\"@id\":\"https:\/\/www.leschinski-uebersetzungen.de\/#\/schema\/logo\/image\/\"},\"sameAs\":[\"https:\/\/www.linkedin.com\/in\/tatiana-l-020a6014\/\"]}]}<\/script>\n<!-- \/ Yoast SEO plugin. -->","yoast_head_json":{"title":"Datenschutzerkl\u00e4rung - Tatiana Leschinski - \u00dcbersetzungen","robots":{"index":"index","follow":"follow","max-snippet":"max-snippet:-1","max-image-preview":"max-image-preview:large","max-video-preview":"max-video-preview:-1"},"canonical":"https:\/\/www.leschinski-uebersetzungen.de\/ru\/datenschutzerklaerung\/","og_locale":"ru_RU","og_type":"article","og_title":"Datenschutzerkl\u00e4rung - Tatiana Leschinski - \u00dcbersetzungen","og_description":"Mit dieser Datenschutzerkl\u00e4rung m\u00f6chten wir Sie \u00fcber Art, Umfang und Zweck der Verarbeitung von personenbezogenen Daten auf unserer Webseite aufkl\u00e4ren. Personenbezogene Daten sind alle Daten, die einen pers\u00f6nlichen Bezug zu ...","og_url":"https:\/\/www.leschinski-uebersetzungen.de\/ru\/datenschutzerklaerung\/","og_site_name":"Tatiana Leschinski - \u00dcbersetzungen","article_modified_time":"2021-03-18T15:12:02+00:00","twitter_card":"summary_large_image","twitter_misc":{"\u041f\u0440\u0438\u043c\u0435\u0440\u043d\u043e\u0435 \u0432\u0440\u0435\u043c\u044f \u0434\u043b\u044f \u0447\u0442\u0435\u043d\u0438\u044f":"10 \u043c\u0438\u043d\u0443\u0442"},"schema":{"@context":"https:\/\/schema.org","@graph":[{"@type":"WebPage","@id":"https:\/\/www.leschinski-uebersetzungen.de\/datenschutzerklaerung\/","url":"https:\/\/www.leschinski-uebersetzungen.de\/datenschutzerklaerung\/","name":"Datenschutzerkl\u00e4rung - Tatiana Leschinski - \u00dcbersetzungen","isPartOf":{"@id":"https:\/\/www.leschinski-uebersetzungen.de\/#website"},"datePublished":"2021-02-19T12:25:30+00:00","dateModified":"2021-03-18T15:12:02+00:00","breadcrumb":{"@id":"https:\/\/www.leschinski-uebersetzungen.de\/datenschutzerklaerung\/#breadcrumb"},"inLanguage":"ru-RU","potentialAction":[{"@type":"ReadAction","target":["https:\/\/www.leschinski-uebersetzungen.de\/datenschutzerklaerung\/"]}]},{"@type":"BreadcrumbList","@id":"https:\/\/www.leschinski-uebersetzungen.de\/datenschutzerklaerung\/#breadcrumb","itemListElement":[{"@type":"ListItem","position":1,"name":"Startseite","item":"https:\/\/www.leschinski-uebersetzungen.de\/"},{"@type":"ListItem","position":2,"name":"Datenschutzerkl\u00e4rung"}]},{"@type":"WebSite","@id":"https:\/\/www.leschinski-uebersetzungen.de\/#website","url":"https:\/\/www.leschinski-uebersetzungen.de\/","name":"Tatiana Leschinski - \u00dcbersetzungen","description":"Erm\u00e4chtigte \u00dcbersetzerin - D\u00fcsseldorf","publisher":{"@id":"https:\/\/www.leschinski-uebersetzungen.de\/#organization"},"potentialAction":[{"@type":"SearchAction","target":{"@type":"EntryPoint","urlTemplate":"https:\/\/www.leschinski-uebersetzungen.de\/?s={search_term_string}"},"query-input":{"@type":"PropertyValueSpecification","valueRequired":true,"valueName":"search_term_string"}}],"inLanguage":"ru-RU"},{"@type":"Organization","@id":"https:\/\/www.leschinski-uebersetzungen.de\/#organization","name":"Tatiana Leschinski - erm\u00e4chtigte \u00dcbersetzerin","url":"https:\/\/www.leschinski-uebersetzungen.de\/","logo":{"@type":"ImageObject","inLanguage":"ru-RU","@id":"https:\/\/www.leschinski-uebersetzungen.de\/#\/schema\/logo\/image\/","url":"https:\/\/www.leschinski-uebersetzungen.de\/wp-content\/uploads\/2021\/03\/logo-retina.png","contentUrl":"https:\/\/www.leschinski-uebersetzungen.de\/wp-content\/uploads\/2021\/03\/logo-retina.png","width":640,"height":110,"caption":"Tatiana Leschinski - erm\u00e4chtigte \u00dcbersetzerin"},"image":{"@id":"https:\/\/www.leschinski-uebersetzungen.de\/#\/schema\/logo\/image\/"},"sameAs":["https:\/\/www.linkedin.com\/in\/tatiana-l-020a6014\/"]}]}},"_links":{"self":[{"href":"https:\/\/www.leschinski-uebersetzungen.de\/ru\/wp-json\/wp\/v2\/pages\/3","targetHints":{"allow":["GET"]}}],"collection":[{"href":"https:\/\/www.leschinski-uebersetzungen.de\/ru\/wp-json\/wp\/v2\/pages"}],"about":[{"href":"https:\/\/www.leschinski-uebersetzungen.de\/ru\/wp-json\/wp\/v2\/types\/page"}],"author":[{"embeddable":true,"href":"https:\/\/www.leschinski-uebersetzungen.de\/ru\/wp-json\/wp\/v2\/users\/1"}],"replies":[{"embeddable":true,"href":"https:\/\/www.leschinski-uebersetzungen.de\/ru\/wp-json\/wp\/v2\/comments?post=3"}],"version-history":[{"count":0,"href":"https:\/\/www.leschinski-uebersetzungen.de\/ru\/wp-json\/wp\/v2\/pages\/3\/revisions"}],"wp:attachment":[{"href":"https:\/\/www.leschinski-uebersetzungen.de\/ru\/wp-json\/wp\/v2\/media?parent=3"}],"curies":[{"name":"wp","href":"https:\/\/api.w.org\/{rel}","templated":true}]}}