{"id":66,"date":"2021-03-03T13:53:17","date_gmt":"2021-03-03T12:53:17","guid":{"rendered":"https:\/\/www.leschinski-uebersetzungen.de\/one-page-express\/"},"modified":"2022-05-03T19:19:57","modified_gmt":"2022-05-03T17:19:57","slug":"one-page-express","status":"publish","type":"page","link":"https:\/\/www.leschinski-uebersetzungen.de\/ru\/","title":{"rendered":"Front Page"},"content":{"rendered":"<div id=\"overlapable-2\" class=\"features-coloured-icon-boxes-section\" style=\"background-color: #ffffff;\" data-label=\"Overlapable\" data-id=\"stripped-coloured-icon-boxes\" data-category=\"overlapable\" data-overlap=\"true\">\n<div class=\"gridContainer\">\n<div class=\"features-coloured-icon-boxes-innerrow flexbox-list dark-text\" data-type=\"row\">\n<div class=\"features-coloured-icon-boxes-featurecol cp3cols\">\n<div class=\"features-coloured-icon-boxes-iconcontainer\" data-content-item-container=\"true\">&nbsp;<\/div>\n<\/div>\n<\/div>\n<\/div>\n<\/div>\n<div id=\"contact-4\" class=\"contact-section-formsection white-text\" data-label=\"Contact\" data-id=\"contact-section\" data-category=\"contact\" data-bg=\"transparent\">\n<div class=\"gridContainer\">\n<div class=\"contact-formcol\" data-content-shortcode=\"one_page_express_contact_form\" data-editable=\"true\">&nbsp;<\/div>\n<\/div>\n<\/div>\n\n\n<p><\/p>","protected":false},"excerpt":{"rendered":"<p>&nbsp; &nbsp;<\/p>","protected":false},"author":1,"featured_media":0,"parent":0,"menu_order":0,"comment_status":"closed","ping_status":"closed","template":"template-frontpage.php","meta":{"footnotes":""},"class_list":["post-66","page","type-page","status-publish","hentry"],"yoast_head":"<!-- This site is optimized with the Yoast SEO plugin v25.6 - https:\/\/yoast.com\/wordpress\/plugins\/seo\/ -->\n<title>Tatiana Leschinski - Erm\u00e4chtigte \u00dcbersetzerin - \u00dcbersetzungen D\u00fcsseldorf<\/title>\n<meta name=\"description\" content=\"\u00dcbersetzungen in Deutsch-Russisch-Ukrainisch, Englisch-Russisch-Ukrainisch. Fachgebiete: Allgemeine Wirtschaft, Marketing, Touristik, Straf- und Zivilrecht\" \/>\n<meta name=\"robots\" content=\"index, follow, max-snippet:-1, max-image-preview:large, max-video-preview:-1\" \/>\n<link rel=\"canonical\" href=\"https:\/\/www.leschinski-uebersetzungen.de\/ru\/\" \/>\n<meta property=\"og:locale\" content=\"ru_RU\" \/>\n<meta property=\"og:type\" content=\"article\" \/>\n<meta property=\"og:title\" content=\"Tatiana Leschinski - Erm\u00e4chtigte \u00dcbersetzerin - \u00dcbersetzungen D\u00fcsseldorf\" \/>\n<meta property=\"og:description\" content=\"\u00dcbersetzungen in Deutsch-Russisch-Ukrainisch, Englisch-Russisch-Ukrainisch. Fachgebiete: Allgemeine Wirtschaft, Marketing, Touristik, Straf- und Zivilrecht\" \/>\n<meta property=\"og:url\" content=\"https:\/\/www.leschinski-uebersetzungen.de\/ru\/\" \/>\n<meta property=\"og:site_name\" content=\"Tatiana Leschinski - \u00dcbersetzungen\" \/>\n<meta property=\"article:modified_time\" content=\"2022-05-03T17:19:57+00:00\" \/>\n<meta name=\"twitter:card\" content=\"summary_large_image\" \/>\n<meta name=\"twitter:label1\" content=\"\u041f\u0440\u0438\u043c\u0435\u0440\u043d\u043e\u0435 \u0432\u0440\u0435\u043c\u044f \u0434\u043b\u044f \u0447\u0442\u0435\u043d\u0438\u044f\" \/>\n\t<meta name=\"twitter:data1\" content=\"1 \u043c\u0438\u043d\u0443\u0442\u0430\" \/>\n<script type=\"application\/ld+json\" class=\"yoast-schema-graph\">{\"@context\":\"https:\/\/schema.org\",\"@graph\":[{\"@type\":\"WebPage\",\"@id\":\"https:\/\/www.leschinski-uebersetzungen.de\/\",\"url\":\"https:\/\/www.leschinski-uebersetzungen.de\/\",\"name\":\"Tatiana Leschinski - Erm\u00e4chtigte \u00dcbersetzerin - \u00dcbersetzungen D\u00fcsseldorf\",\"isPartOf\":{\"@id\":\"https:\/\/www.leschinski-uebersetzungen.de\/#website\"},\"datePublished\":\"2021-03-03T12:53:17+00:00\",\"dateModified\":\"2022-05-03T17:19:57+00:00\",\"description\":\"\u00dcbersetzungen in Deutsch-Russisch-Ukrainisch, Englisch-Russisch-Ukrainisch. Fachgebiete: Allgemeine Wirtschaft, Marketing, Touristik, Straf- und Zivilrecht\",\"breadcrumb\":{\"@id\":\"https:\/\/www.leschinski-uebersetzungen.de\/#breadcrumb\"},\"inLanguage\":\"ru-RU\",\"potentialAction\":[{\"@type\":\"ReadAction\",\"target\":[\"https:\/\/www.leschinski-uebersetzungen.de\/\"]}]},{\"@type\":\"BreadcrumbList\",\"@id\":\"https:\/\/www.leschinski-uebersetzungen.de\/#breadcrumb\",\"itemListElement\":[{\"@type\":\"ListItem\",\"position\":1,\"name\":\"Startseite\",\"item\":\"https:\/\/www.leschinski-uebersetzungen.de\/\"},{\"@type\":\"ListItem\",\"position\":2,\"name\":\"Front Page\"}]},{\"@type\":\"WebSite\",\"@id\":\"https:\/\/www.leschinski-uebersetzungen.de\/#website\",\"url\":\"https:\/\/www.leschinski-uebersetzungen.de\/\",\"name\":\"Tatiana Leschinski - \u00dcbersetzungen\",\"description\":\"Erm\u00e4chtigte \u00dcbersetzerin - D\u00fcsseldorf\",\"publisher\":{\"@id\":\"https:\/\/www.leschinski-uebersetzungen.de\/#organization\"},\"potentialAction\":[{\"@type\":\"SearchAction\",\"target\":{\"@type\":\"EntryPoint\",\"urlTemplate\":\"https:\/\/www.leschinski-uebersetzungen.de\/?s={search_term_string}\"},\"query-input\":{\"@type\":\"PropertyValueSpecification\",\"valueRequired\":true,\"valueName\":\"search_term_string\"}}],\"inLanguage\":\"ru-RU\"},{\"@type\":\"Organization\",\"@id\":\"https:\/\/www.leschinski-uebersetzungen.de\/#organization\",\"name\":\"Tatiana Leschinski - erm\u00e4chtigte \u00dcbersetzerin\",\"url\":\"https:\/\/www.leschinski-uebersetzungen.de\/\",\"logo\":{\"@type\":\"ImageObject\",\"inLanguage\":\"ru-RU\",\"@id\":\"https:\/\/www.leschinski-uebersetzungen.de\/#\/schema\/logo\/image\/\",\"url\":\"https:\/\/www.leschinski-uebersetzungen.de\/wp-content\/uploads\/2021\/03\/logo-retina.png\",\"contentUrl\":\"https:\/\/www.leschinski-uebersetzungen.de\/wp-content\/uploads\/2021\/03\/logo-retina.png\",\"width\":640,\"height\":110,\"caption\":\"Tatiana Leschinski - erm\u00e4chtigte \u00dcbersetzerin\"},\"image\":{\"@id\":\"https:\/\/www.leschinski-uebersetzungen.de\/#\/schema\/logo\/image\/\"},\"sameAs\":[\"https:\/\/www.linkedin.com\/in\/tatiana-l-020a6014\/\"]}]}<\/script>\n<!-- \/ Yoast SEO plugin. -->","yoast_head_json":{"title":"Tatiana Leschinski - Erm\u00e4chtigte \u00dcbersetzerin - \u00dcbersetzungen D\u00fcsseldorf","description":"\u00dcbersetzungen in Deutsch-Russisch-Ukrainisch, Englisch-Russisch-Ukrainisch. Fachgebiete: Allgemeine Wirtschaft, Marketing, Touristik, Straf- und Zivilrecht","robots":{"index":"index","follow":"follow","max-snippet":"max-snippet:-1","max-image-preview":"max-image-preview:large","max-video-preview":"max-video-preview:-1"},"canonical":"https:\/\/www.leschinski-uebersetzungen.de\/ru\/","og_locale":"ru_RU","og_type":"article","og_title":"Tatiana Leschinski - Erm\u00e4chtigte \u00dcbersetzerin - \u00dcbersetzungen D\u00fcsseldorf","og_description":"\u00dcbersetzungen in Deutsch-Russisch-Ukrainisch, Englisch-Russisch-Ukrainisch. Fachgebiete: Allgemeine Wirtschaft, Marketing, Touristik, Straf- und Zivilrecht","og_url":"https:\/\/www.leschinski-uebersetzungen.de\/ru\/","og_site_name":"Tatiana Leschinski - \u00dcbersetzungen","article_modified_time":"2022-05-03T17:19:57+00:00","twitter_card":"summary_large_image","twitter_misc":{"\u041f\u0440\u0438\u043c\u0435\u0440\u043d\u043e\u0435 \u0432\u0440\u0435\u043c\u044f \u0434\u043b\u044f \u0447\u0442\u0435\u043d\u0438\u044f":"1 \u043c\u0438\u043d\u0443\u0442\u0430"},"schema":{"@context":"https:\/\/schema.org","@graph":[{"@type":"WebPage","@id":"https:\/\/www.leschinski-uebersetzungen.de\/","url":"https:\/\/www.leschinski-uebersetzungen.de\/","name":"Tatiana Leschinski - Erm\u00e4chtigte \u00dcbersetzerin - \u00dcbersetzungen D\u00fcsseldorf","isPartOf":{"@id":"https:\/\/www.leschinski-uebersetzungen.de\/#website"},"datePublished":"2021-03-03T12:53:17+00:00","dateModified":"2022-05-03T17:19:57+00:00","description":"\u00dcbersetzungen in Deutsch-Russisch-Ukrainisch, Englisch-Russisch-Ukrainisch. Fachgebiete: Allgemeine Wirtschaft, Marketing, Touristik, Straf- und Zivilrecht","breadcrumb":{"@id":"https:\/\/www.leschinski-uebersetzungen.de\/#breadcrumb"},"inLanguage":"ru-RU","potentialAction":[{"@type":"ReadAction","target":["https:\/\/www.leschinski-uebersetzungen.de\/"]}]},{"@type":"BreadcrumbList","@id":"https:\/\/www.leschinski-uebersetzungen.de\/#breadcrumb","itemListElement":[{"@type":"ListItem","position":1,"name":"Startseite","item":"https:\/\/www.leschinski-uebersetzungen.de\/"},{"@type":"ListItem","position":2,"name":"Front Page"}]},{"@type":"WebSite","@id":"https:\/\/www.leschinski-uebersetzungen.de\/#website","url":"https:\/\/www.leschinski-uebersetzungen.de\/","name":"Tatiana Leschinski - \u00dcbersetzungen","description":"Erm\u00e4chtigte \u00dcbersetzerin - D\u00fcsseldorf","publisher":{"@id":"https:\/\/www.leschinski-uebersetzungen.de\/#organization"},"potentialAction":[{"@type":"SearchAction","target":{"@type":"EntryPoint","urlTemplate":"https:\/\/www.leschinski-uebersetzungen.de\/?s={search_term_string}"},"query-input":{"@type":"PropertyValueSpecification","valueRequired":true,"valueName":"search_term_string"}}],"inLanguage":"ru-RU"},{"@type":"Organization","@id":"https:\/\/www.leschinski-uebersetzungen.de\/#organization","name":"Tatiana Leschinski - erm\u00e4chtigte \u00dcbersetzerin","url":"https:\/\/www.leschinski-uebersetzungen.de\/","logo":{"@type":"ImageObject","inLanguage":"ru-RU","@id":"https:\/\/www.leschinski-uebersetzungen.de\/#\/schema\/logo\/image\/","url":"https:\/\/www.leschinski-uebersetzungen.de\/wp-content\/uploads\/2021\/03\/logo-retina.png","contentUrl":"https:\/\/www.leschinski-uebersetzungen.de\/wp-content\/uploads\/2021\/03\/logo-retina.png","width":640,"height":110,"caption":"Tatiana Leschinski - erm\u00e4chtigte \u00dcbersetzerin"},"image":{"@id":"https:\/\/www.leschinski-uebersetzungen.de\/#\/schema\/logo\/image\/"},"sameAs":["https:\/\/www.linkedin.com\/in\/tatiana-l-020a6014\/"]}]}},"_links":{"self":[{"href":"https:\/\/www.leschinski-uebersetzungen.de\/ru\/wp-json\/wp\/v2\/pages\/66","targetHints":{"allow":["GET"]}}],"collection":[{"href":"https:\/\/www.leschinski-uebersetzungen.de\/ru\/wp-json\/wp\/v2\/pages"}],"about":[{"href":"https:\/\/www.leschinski-uebersetzungen.de\/ru\/wp-json\/wp\/v2\/types\/page"}],"author":[{"embeddable":true,"href":"https:\/\/www.leschinski-uebersetzungen.de\/ru\/wp-json\/wp\/v2\/users\/1"}],"replies":[{"embeddable":true,"href":"https:\/\/www.leschinski-uebersetzungen.de\/ru\/wp-json\/wp\/v2\/comments?post=66"}],"version-history":[{"count":0,"href":"https:\/\/www.leschinski-uebersetzungen.de\/ru\/wp-json\/wp\/v2\/pages\/66\/revisions"}],"wp:attachment":[{"href":"https:\/\/www.leschinski-uebersetzungen.de\/ru\/wp-json\/wp\/v2\/media?parent=66"}],"curies":[{"name":"wp","href":"https:\/\/api.w.org\/{rel}","templated":true}]}}